{"id":629,"date":"2024-02-01T09:52:16","date_gmt":"2024-02-01T08:52:16","guid":{"rendered":"http:\/\/guillaume-photographiie.fr\/?page_id=629"},"modified":"2024-02-01T14:22:14","modified_gmt":"2024-02-01T13:22:14","slug":"partenariat","status":"publish","type":"page","link":"https:\/\/guillaume-photographiie.fr\/index.php\/partenariat\/","title":{"rendered":"Partenariat"},"content":{"rendered":"\n<p>J&rsquo;ai l&rsquo;honneur de vous annoncer que depuis Mars 2023 je suis partenaire avec une jeune cavali\u00e8re de Concours Complet nomm\u00e9 Manon Cheruel. C&rsquo;est une cavali\u00e8re passionn\u00e9 du monde \u00e9questre depuis sont jeune \u00e2ge. <\/p>\n\n\n\n<figure class=\"wp-block-image aligncenter size-large\"><img fetchpriority=\"high\" decoding=\"async\" width=\"683\" height=\"1024\" src=\"http:\/\/guillaume-photographiie.fr\/wp-content\/uploads\/2024\/01\/IMG_7934-683x1024.jpg\" alt=\"\" class=\"wp-image-531\" srcset=\"https:\/\/guillaume-photographiie.fr\/wp-content\/uploads\/2024\/01\/IMG_7934-683x1024.jpg 683w, https:\/\/guillaume-photographiie.fr\/wp-content\/uploads\/2024\/01\/IMG_7934-200x300.jpg 200w, https:\/\/guillaume-photographiie.fr\/wp-content\/uploads\/2024\/01\/IMG_7934.jpg 1280w\" sizes=\"(max-width: 683px) 100vw, 683px\" \/><\/figure>\n\n\n\n<p>Elle \u00e0 \u00e9tablie son camps de base en Normandie pr\u00e8s d&rsquo;un cavalier international lui aussi de Concours complet S\u00e9bastien Cavaillon.<\/p>\n\n\n\n<figure class=\"wp-block-image aligncenter size-large\"><img decoding=\"async\" width=\"1024\" height=\"683\" src=\"http:\/\/guillaume-photographiie.fr\/wp-content\/uploads\/2024\/01\/IMG_9879-1024x683.jpg\" alt=\"\" class=\"wp-image-533\" srcset=\"https:\/\/guillaume-photographiie.fr\/wp-content\/uploads\/2024\/01\/IMG_9879-1024x683.jpg 1024w, https:\/\/guillaume-photographiie.fr\/wp-content\/uploads\/2024\/01\/IMG_9879-300x200.jpg 300w, https:\/\/guillaume-photographiie.fr\/wp-content\/uploads\/2024\/01\/IMG_9879-600x400.jpg 600w, https:\/\/guillaume-photographiie.fr\/wp-content\/uploads\/2024\/01\/IMG_9879-1200x800.jpg 1200w, https:\/\/guillaume-photographiie.fr\/wp-content\/uploads\/2024\/01\/IMG_9879.jpg 1920w\" sizes=\"(max-width: 1024px) 100vw, 1024px\" \/><\/figure>\n\n\n\n<p> De plus elle est l&rsquo;heureuse propri\u00e9taire de plusieurs chevaux plus ou moins jeunes ce qui lui offre une polyvalence de travail et de sortie dans diff\u00e9rentes \u00e9preuves de concours.<\/p>\n\n\n\n<p><\/p>\n\n\n<p><style>\/*! elementor - v3.19.0 - 29-01-2024 *\/<br \/>\n.elementor-widget-image-carousel .swiper,.elementor-widget-image-carousel .swiper-container{position:static}.elementor-widget-image-carousel .swiper-container .swiper-slide figure,.elementor-widget-image-carousel .swiper .swiper-slide figure{line-height:inherit}.elementor-widget-image-carousel .swiper-slide{text-align:center}.elementor-image-carousel-wrapper:not(.swiper-container-initialized):not(.swiper-initialized) .swiper-slide{max-width:calc(100% \/ var(--e-image-carousel-slides-to-show, 3))}<\/style>\n<\/p>\n<figure><img decoding=\"async\" class=\"alignnone\" src=\"http:\/\/guillaume-photographiie.fr\/wp-content\/uploads\/2024\/01\/IMG_7694-150x150.jpg\" alt=\"Hucto de Millandy et Jumanji des Adelis\" width=\"150\" height=\"150\" \/>\u00a0\u00a0<img decoding=\"async\" src=\"http:\/\/guillaume-photographiie.fr\/wp-content\/uploads\/2024\/01\/IMG_7709-150x150.jpg\" alt=\"Hucto de Millandy et Jumanji des Adelis\" \/>\u00a0\u00a0<img decoding=\"async\" src=\"http:\/\/guillaume-photographiie.fr\/wp-content\/uploads\/2024\/01\/IMG_7724-150x150.jpg\" alt=\"Hucto de Millandy et Jumanji des Adelis\" \/>\u00a0\u00a0<img decoding=\"async\" src=\"http:\/\/guillaume-photographiie.fr\/wp-content\/uploads\/2024\/01\/IMG_7749-150x150.jpg\" alt=\"Jumanji des Adelis\" \/>\u00a0\u00a0<img decoding=\"async\" src=\"http:\/\/guillaume-photographiie.fr\/wp-content\/uploads\/2024\/01\/IMG_7758-150x150.jpg\" alt=\"Hucto de Millandy\" \/>\u00a0<\/figure>\n<figure>\u00a0<img decoding=\"async\" src=\"http:\/\/guillaume-photographiie.fr\/wp-content\/uploads\/2024\/01\/IMG_7793-150x150.jpg\" alt=\"Jumanji des Adelis\" \/>\u00a0\u00a0<img decoding=\"async\" src=\"http:\/\/guillaume-photographiie.fr\/wp-content\/uploads\/2024\/01\/IMG_7835-150x150.jpg\" alt=\"Jumanji des Adelis\" \/>\u00a0\u00a0<img decoding=\"async\" src=\"http:\/\/guillaume-photographiie.fr\/wp-content\/uploads\/2024\/01\/IMG_7866-150x150.jpg\" alt=\"Hucto de Millandy\" \/>\u00a0\u00a0<img decoding=\"async\" src=\"http:\/\/guillaume-photographiie.fr\/wp-content\/uploads\/2024\/01\/IMG_7894-150x150.jpg\" alt=\"Jumanji des Adelis\" \/>\u00a0\u00a0<img decoding=\"async\" src=\"http:\/\/guillaume-photographiie.fr\/wp-content\/uploads\/2024\/01\/IMG_8306-150x150.jpg\" alt=\"Hucto de Millandy\" \/>\u00a0<\/figure>\n<figure>\u00a0<img decoding=\"async\" src=\"http:\/\/guillaume-photographiie.fr\/wp-content\/uploads\/2024\/01\/IMG_8011-150x150.jpg\" alt=\"Jumanji des Adelis\" \/>\u00a0\u00a0<img decoding=\"async\" src=\"http:\/\/guillaume-photographiie.fr\/wp-content\/uploads\/2024\/01\/IMG_8218-150x150.jpg\" alt=\"Hucto de Millandy\" \/>\u00a0\u00a0<img decoding=\"async\" src=\"http:\/\/guillaume-photographiie.fr\/wp-content\/uploads\/2024\/01\/IMG_7906-150x150.jpg\" alt=\"Hucto de Millandy\" \/>\u00a0\u00a0<\/figure>\n\n\n<p><\/p>\n\n\n\n<p><strong>Manon est \u00e9galement en partenariat avec deux marques \u00e9questres :<\/strong><\/p>\n\n\n\n<figure class=\"wp-block-image aligncenter size-full is-resized\"><img loading=\"lazy\" decoding=\"async\" width=\"636\" height=\"140\" src=\"http:\/\/guillaume-photographiie.fr\/wp-content\/uploads\/2024\/02\/image.png\" alt=\"\" class=\"wp-image-801\" style=\"width:886px;height:auto\" srcset=\"https:\/\/guillaume-photographiie.fr\/wp-content\/uploads\/2024\/02\/image.png 636w, https:\/\/guillaume-photographiie.fr\/wp-content\/uploads\/2024\/02\/image-300x66.png 300w\" sizes=\"(max-width: 636px) 100vw, 636px\" \/><\/figure>\n","protected":false},"excerpt":{"rendered":"<p>J&rsquo;ai l&rsquo;honneur de vous annoncer que depuis Mars 2023 je suis partenaire avec une jeune cavali\u00e8re de Concours Complet nomm\u00e9 Manon Cheruel. C&rsquo;est une cavali\u00e8re passionn\u00e9 du monde \u00e9questre depuis sont jeune \u00e2ge. Elle \u00e0 \u00e9tablie son camps de base en Normandie pr\u00e8s d&rsquo;un cavalier international lui aussi de Concours complet S\u00e9bastien Cavaillon. De plus &hellip; <\/p>\n<p class=\"link-more\"><a href=\"https:\/\/guillaume-photographiie.fr\/index.php\/partenariat\/\" class=\"more-link\">Lire la suite de<span class=\"screen-reader-text\">\u00ab\u00a0Partenariat\u00a0\u00bb<\/span><\/a><\/p>\n","protected":false},"author":1,"featured_media":0,"parent":0,"menu_order":0,"comment_status":"closed","ping_status":"closed","template":"","meta":{"inspiro_hide_title":false,"footnotes":""},"class_list":["post-629","page","type-page","status-publish","hentry"],"featured_media_urls":[],"_links":{"self":[{"href":"https:\/\/guillaume-photographiie.fr\/index.php\/wp-json\/wp\/v2\/pages\/629","targetHints":{"allow":["GET"]}}],"collection":[{"href":"https:\/\/guillaume-photographiie.fr\/index.php\/wp-json\/wp\/v2\/pages"}],"about":[{"href":"https:\/\/guillaume-photographiie.fr\/index.php\/wp-json\/wp\/v2\/types\/page"}],"author":[{"embeddable":true,"href":"https:\/\/guillaume-photographiie.fr\/index.php\/wp-json\/wp\/v2\/users\/1"}],"replies":[{"embeddable":true,"href":"https:\/\/guillaume-photographiie.fr\/index.php\/wp-json\/wp\/v2\/comments?post=629"}],"version-history":[{"count":7,"href":"https:\/\/guillaume-photographiie.fr\/index.php\/wp-json\/wp\/v2\/pages\/629\/revisions"}],"predecessor-version":[{"id":804,"href":"https:\/\/guillaume-photographiie.fr\/index.php\/wp-json\/wp\/v2\/pages\/629\/revisions\/804"}],"wp:attachment":[{"href":"https:\/\/guillaume-photographiie.fr\/index.php\/wp-json\/wp\/v2\/media?parent=629"}],"curies":[{"name":"wp","href":"https:\/\/api.w.org\/{rel}","templated":true}]}}