{"id":504,"date":"2024-01-31T11:31:11","date_gmt":"2024-01-31T10:31:11","guid":{"rendered":"http:\/\/guillaume-photographiie.fr\/?page_id=504"},"modified":"2025-02-22T16:46:21","modified_gmt":"2025-02-22T15:46:21","slug":"presentation-2","status":"publish","type":"page","link":"https:\/\/guillaume-photographiie.fr\/index.php\/presentation-2\/","title":{"rendered":"Pr\u00e9sentation"},"content":{"rendered":"\n<p>Salut, je m\u2019appelle Guillaume.<\/p>\n\n\n\n<p>Avant toute chose je suis passionn\u00e9 de sport et notamment des chevaux depuis l\u2019\u00e2ge de 11 ans. Je n\u2019\u00e9tait pas pr\u00e9destin\u00e9 \u00e0 faire de l\u2019\u00e9quitation mais la vie a fait en sorte que je m\u2019int\u00e9resse \u00e0 ce fabuleux sport qui lie passion du cheval, la complicit\u00e9, et de la performance sportive en duo. J\u2019ai tout d\u2019abord commenc\u00e9 \u00e0 monter \u00e0 cheval pour le plaisir puis au fur et \u00e0 mesure vouloir faire des concours, ce que j\u2019ai vite aimer. Par la suite j\u2019ai \u00e9voluer dans la monte mais \u00e9galement dans les concours.&nbsp;<\/p>\n\n\n\n<figure class=\"wp-block-image size-large has-custom-border\"><img fetchpriority=\"high\" decoding=\"async\" width=\"1024\" height=\"682\" src=\"http:\/\/guillaume-photographiie.fr\/wp-content\/uploads\/2024\/01\/DSC7890-2-1024x682.jpg\" alt=\"\" class=\"wp-image-508\" style=\"border-width:5px\" srcset=\"https:\/\/guillaume-photographiie.fr\/wp-content\/uploads\/2024\/01\/DSC7890-2-1024x682.jpg 1024w, https:\/\/guillaume-photographiie.fr\/wp-content\/uploads\/2024\/01\/DSC7890-2-300x200.jpg 300w, https:\/\/guillaume-photographiie.fr\/wp-content\/uploads\/2024\/01\/DSC7890-2-600x400.jpg 600w, https:\/\/guillaume-photographiie.fr\/wp-content\/uploads\/2024\/01\/DSC7890-2-1200x800.jpg 1200w, https:\/\/guillaume-photographiie.fr\/wp-content\/uploads\/2024\/01\/DSC7890-2.jpg 1920w\" sizes=\"(max-width: 1024px) 100vw, 1024px\" \/><\/figure>\n\n\n\n<p>cr\u00e9dit photo by Audrey \/ \u00a9<a href=\"https:\/\/www.instagram.com\/adr.photographie\/\">adr.photographie<\/a><\/p>\n\n\n\n<p>A l\u2019\u00e2ge de 15 ans j\u2019ai eu mon premier appareil photo avec lequel je m\u2019amusais \u00e0 prendre des paysages en photos, des animaux sauvages, des fleurs pour le plaisir. Puis il m\u2019est venue l\u2019id\u00e9e de photographier mes amis \u00e0 cheval pendant leurs cours. Puis j\u2019ai d\u00e9cid\u00e9 de les suivre en ext\u00e9rieur pour immortaliser leurs performances sportives en concours. Ce qui m\u2019a plus j\u2019ai donc continuer \u00e0 les suivre partout o\u00f9 ils allaient en CSO, Dressage, Complet. En 2022 je voulais initialement suivre <a href=\"https:\/\/www.ecuriedumoulindelaforge.com\">mon coach<\/a> sur un concours international, mais en consultant les engagements j\u2019ai finalement d\u00e9cider d\u2019y passer 2 jours pour photographier les cavaliers courants pour la France. Une exp\u00e9rience incroyable avec un contact facile, des cavaliers qui se prennent au jeux de la photo, des partages sur les r\u00e9seaux sociaux. A la suite de ce concours une page \u00e0 \u00e9galement \u00e9t\u00e9 tourner en Mars 2023 puisque j\u2019ai cr\u00e9e un partenariat avec une jeune cavali\u00e8re de Concours Complet nomm\u00e9 <a href=\"https:\/\/auboutdessabotsblog.wordpress.com\/about\/\">Manon Cheruel<\/a>. J\u2019ai donc d\u00e9cider de r\u00e9it\u00e9rer l&rsquo;exp\u00e9rience des concours internationaux en 2023 sur le m\u00eame lieux pour profiter et continuer de m\u2019am\u00e9liorer sur les photos apr\u00e8s un investissement dans un nouvel objectif. A ma grande surprise une majorit\u00e9 des cavaliers fran\u00e7ais m\u2019ont reconnu ce qui m&rsquo;a permis de discuter avec eux et m\u2019a ouvert une grande porte dans le monde du concours complet international. A cette occasion j\u2019ai pu aider <a href=\"https:\/\/www.francecomplet.fr\">Francecomplet<\/a> pour immortaliser les cavaliers ce qui \u00e0 \u00e9t\u00e9 r\u00e9v\u00e9lateur d&rsquo;un d\u00e9clic.\u00a0<\/p>\n\n\n\n<p>Maintenant j\u2019essaie de me d\u00e9placer sur les concours internationaux en France mais pourquoi pas repousser les fronti\u00e8res Fran\u00e7aises par la suite\u2026<\/p>\n\n\n\n<p><\/p>\n","protected":false},"excerpt":{"rendered":"<p>Salut, je m\u2019appelle Guillaume. Avant toute chose je suis passionn\u00e9 de sport et notamment des chevaux depuis l\u2019\u00e2ge de 11 ans. Je n\u2019\u00e9tait pas pr\u00e9destin\u00e9 \u00e0 faire de l\u2019\u00e9quitation mais la vie a fait en sorte que je m\u2019int\u00e9resse \u00e0 ce fabuleux sport qui lie passion du cheval, la complicit\u00e9, et de la performance sportive &hellip; <\/p>\n<p class=\"link-more\"><a href=\"https:\/\/guillaume-photographiie.fr\/index.php\/presentation-2\/\" class=\"more-link\">Lire la suite de<span class=\"screen-reader-text\">\u00ab\u00a0Pr\u00e9sentation\u00a0\u00bb<\/span><\/a><\/p>\n","protected":false},"author":1,"featured_media":0,"parent":0,"menu_order":0,"comment_status":"closed","ping_status":"closed","template":"","meta":{"inspiro_hide_title":false,"footnotes":""},"class_list":["post-504","page","type-page","status-publish","hentry"],"featured_media_urls":[],"_links":{"self":[{"href":"https:\/\/guillaume-photographiie.fr\/index.php\/wp-json\/wp\/v2\/pages\/504","targetHints":{"allow":["GET"]}}],"collection":[{"href":"https:\/\/guillaume-photographiie.fr\/index.php\/wp-json\/wp\/v2\/pages"}],"about":[{"href":"https:\/\/guillaume-photographiie.fr\/index.php\/wp-json\/wp\/v2\/types\/page"}],"author":[{"embeddable":true,"href":"https:\/\/guillaume-photographiie.fr\/index.php\/wp-json\/wp\/v2\/users\/1"}],"replies":[{"embeddable":true,"href":"https:\/\/guillaume-photographiie.fr\/index.php\/wp-json\/wp\/v2\/comments?post=504"}],"version-history":[{"count":14,"href":"https:\/\/guillaume-photographiie.fr\/index.php\/wp-json\/wp\/v2\/pages\/504\/revisions"}],"predecessor-version":[{"id":1046,"href":"https:\/\/guillaume-photographiie.fr\/index.php\/wp-json\/wp\/v2\/pages\/504\/revisions\/1046"}],"wp:attachment":[{"href":"https:\/\/guillaume-photographiie.fr\/index.php\/wp-json\/wp\/v2\/media?parent=504"}],"curies":[{"name":"wp","href":"https:\/\/api.w.org\/{rel}","templated":true}]}}